{"id":113,"date":"2020-04-26T18:27:18","date_gmt":"2020-04-26T18:27:18","guid":{"rendered":"https:\/\/nemcinatorka.cz\/?page_id=113"},"modified":"2020-04-26T20:13:58","modified_gmt":"2020-04-26T20:13:58","slug":"cena","status":"publish","type":"page","link":"https:\/\/nemcinatorka.cz\/index.php\/cena\/","title":{"rendered":"Cena"},"content":{"rendered":"\n<h4 class=\"has-text-color\" style=\"color:#b71f3b\"><strong>Ceny<\/strong><\/h4>\n\n\n\n<p style=\"color:#7a5148\" class=\"has-text-color\">R\u00e1da V\u00e1m mailem, nez\u00e1vazn\u011b a zdarma, za\u0161lu cenovou kalkulaci, kterou vyhotov\u00edm pouze na z\u00e1klad\u011b Va\u0161\u00ed konkr\u00e9tn\u00ed popt\u00e1vky.&nbsp; <br><br>Cenu kalkuluji v\u017edy individu\u00e1ln\u011b, p\u0159edem a s nejv\u011bt\u0161\u00ed mo\u017enou preciznost\u00ed podle v\u00fdpo\u010detn\u00edch metod v oboru obvykl\u00fdch. <br><br>V\u00fd\u0161e honor\u00e1\u0159e za p\u0159ekladatelsk\u00e9 slu\u017eby je z\u00e1visl\u00e1 na mnoh\u00fdch faktorech, nap\u0159. stupe\u0148 obt\u00ed\u017enosti po obsahov\u00e9 \u010di grafick\u00e9 str\u00e1nce, kvalita v\u00fdchoz\u00edho textu, mno\u017estv\u00ed textu, sm\u011br p\u0159ekladu, nutnost re\u0161er\u0161e, odborn\u00e1 terminologie, doprovodn\u00e9 slu\u017eby jako je t\u0159eba korektura proveden\u00e1 druhou osobou a tak d\u00e1le.<\/p>\n\n\n\n<h4 class=\"has-text-color\" style=\"color:#b71f3b\"><strong>Popt\u00e1vka<\/strong><\/h4>\n\n\n\n<p style=\"color:#7a5148\" class=\"has-text-color\">Va\u0161i popt\u00e1vku pros\u00edm zas\u00edlejte v\u017edy elektronickou po\u0161tou. V popt\u00e1vce pros\u00edm co nejp\u0159esn\u011bji popi\u0161te Va\u0161e pot\u0159eby, p\u0159\u00e1n\u00ed a p\u0159edstavy a p\u0159ipojte text, kter\u00fd si p\u0159ejete p\u0159elo\u017eit.<br><br>V p\u0159\u00edpad\u011b, \u017ee si nejste jisti, jak\u00e9 jazykov\u00e9 slu\u017eby jsou pro V\u00e1s nejvhodn\u011bj\u0161\u00ed, r\u00e1da V\u00e1m porad\u00edm. Pou\u017eijte pros\u00edm p\u0159ednostn\u011b kontaktn\u00ed formul\u00e1\u0159 na t\u011bchto str\u00e1nk\u00e1ch nebo pi\u0161te na: <a href=\"mailto:sabina.pappenberger@gmail.com\">sabina.pappenberger@gmail.com<\/a><\/p>\n","protected":false},"excerpt":{"rendered":"<p>Ceny R\u00e1da V\u00e1m mailem, nez\u00e1vazn\u011b a zdarma, za\u0161lu cenovou kalkulaci, kterou vyhotov\u00edm pouze na z\u00e1klad\u011b &hellip; <\/p>\n","protected":false},"author":1,"featured_media":138,"parent":0,"menu_order":0,"comment_status":"closed","ping_status":"closed","template":"","meta":[],"_links":{"self":[{"href":"https:\/\/nemcinatorka.cz\/index.php\/wp-json\/wp\/v2\/pages\/113"}],"collection":[{"href":"https:\/\/nemcinatorka.cz\/index.php\/wp-json\/wp\/v2\/pages"}],"about":[{"href":"https:\/\/nemcinatorka.cz\/index.php\/wp-json\/wp\/v2\/types\/page"}],"author":[{"embeddable":true,"href":"https:\/\/nemcinatorka.cz\/index.php\/wp-json\/wp\/v2\/users\/1"}],"replies":[{"embeddable":true,"href":"https:\/\/nemcinatorka.cz\/index.php\/wp-json\/wp\/v2\/comments?post=113"}],"version-history":[{"count":5,"href":"https:\/\/nemcinatorka.cz\/index.php\/wp-json\/wp\/v2\/pages\/113\/revisions"}],"predecessor-version":[{"id":160,"href":"https:\/\/nemcinatorka.cz\/index.php\/wp-json\/wp\/v2\/pages\/113\/revisions\/160"}],"wp:featuredmedia":[{"embeddable":true,"href":"https:\/\/nemcinatorka.cz\/index.php\/wp-json\/wp\/v2\/media\/138"}],"wp:attachment":[{"href":"https:\/\/nemcinatorka.cz\/index.php\/wp-json\/wp\/v2\/media?parent=113"}],"curies":[{"name":"wp","href":"https:\/\/api.w.org\/{rel}","templated":true}]}}